{"id":584,"date":"2021-10-17T15:18:50","date_gmt":"2021-10-17T15:18:50","guid":{"rendered":"https:\/\/woocommerce-487123-2194477.cloudwaysapps.com\/?page_id=584"},"modified":"2023-02-15T11:47:47","modified_gmt":"2023-02-15T16:47:47","slug":"our-story","status":"publish","type":"page","link":"https:\/\/epiculiste.com\/fr\/our-story\/","title":{"rendered":"Notre histoire"},"content":{"rendered":"<div data-elementor-type=\"wp-page\" data-elementor-id=\"584\" class=\"elementor elementor-584\">\n\t\t\t\t\t\t\t\t\t<section class=\"elementor-section elementor-top-section elementor-element elementor-element-959cb70 elementor-section-height-min-height elementor-section-boxed elementor-section-height-default elementor-section-items-middle\" data-id=\"959cb70\" data-element_type=\"section\" data-settings=\"{&quot;background_background&quot;:&quot;classic&quot;,&quot;shape_divider_bottom&quot;:&quot;tilt&quot;}\">\n\t\t\t\t\t\t\t<div class=\"elementor-background-overlay\"><\/div>\n\t\t\t\t\t\t<div class=\"elementor-shape elementor-shape-bottom\" data-negative=\"false\">\n\t\t\t<svg xmlns=\"http:\/\/www.w3.org\/2000\/svg\" viewbox=\"0 0 1000 100\" preserveaspectratio=\"none\">\n\t<path class=\"elementor-shape-fill\" d=\"M0,6V0h1000v100L0,6z\"\/>\n<\/svg>\t\t<\/div>\n\t\t\t\t\t<div class=\"elementor-container elementor-column-gap-default\">\n\t\t\t\t\t<div class=\"elementor-column elementor-col-100 elementor-top-column elementor-element elementor-element-f3b5c4b\" data-id=\"f3b5c4b\" data-element_type=\"column\">\n\t\t\t<div class=\"elementor-widget-wrap elementor-element-populated\">\n\t\t\t\t\t\t\t\t<div class=\"elementor-element elementor-element-c911dfd elementor-widget elementor-widget-heading\" data-id=\"c911dfd\" data-element_type=\"widget\" data-widget_type=\"heading.default\">\n\t\t\t\t<div class=\"elementor-widget-container\">\n\t\t\t<style>\/*! elementor - v3.13.3 - 28-05-2023 *\/\n.elementor-heading-title{padding:0;margin:0;line-height:1}.elementor-widget-heading .elementor-heading-title[class*=elementor-size-]>a{color:inherit;font-size:inherit;line-height:inherit}.elementor-widget-heading .elementor-heading-title.elementor-size-small{font-size:15px}.elementor-widget-heading .elementor-heading-title.elementor-size-medium{font-size:19px}.elementor-widget-heading .elementor-heading-title.elementor-size-large{font-size:29px}.elementor-widget-heading .elementor-heading-title.elementor-size-xl{font-size:39px}.elementor-widget-heading .elementor-heading-title.elementor-size-xxl{font-size:59px}<\/style><h1 class=\"elementor-heading-title elementor-size-default\">Notre histoire - Pourquoi des cours de cuisine ?<\/h1>\t\t<\/div>\n\t\t\t\t<\/div>\n\t\t\t\t\t<\/div>\n\t\t<\/div>\n\t\t\t\t\t\t\t<\/div>\n\t\t<\/section>\n\t\t\t\t<section class=\"elementor-section elementor-top-section elementor-element elementor-element-6297375 elementor-section-boxed elementor-section-height-default elementor-section-height-default\" data-id=\"6297375\" data-element_type=\"section\">\n\t\t\t\t\t\t<div class=\"elementor-container elementor-column-gap-default\">\n\t\t\t\t\t<div class=\"elementor-column elementor-col-100 elementor-top-column elementor-element elementor-element-ed9880f\" data-id=\"ed9880f\" data-element_type=\"column\">\n\t\t\t<div class=\"elementor-widget-wrap elementor-element-populated\">\n\t\t\t\t\t\t\t\t<div class=\"elementor-element elementor-element-da3cd5c elementor-widget elementor-widget-shortcode\" data-id=\"da3cd5c\" data-element_type=\"widget\" data-widget_type=\"shortcode.default\">\n\t\t\t\t<div class=\"elementor-widget-container\">\n\t\t\t\t\t<div class=\"elementor-shortcode\"><iframe loading=\"lazy\" src=\"https:\/\/app.warmwelcome.com\/widgets\/27d5e86e-12ac-41fd-93d9-cc39e27a4600?inIframe=1\" allow=\"camera *; microphone *; autoplay *; encrypted-media *;\" width=\"100%\" height=\"400px\" style=\"border: none; border-radius: 30px; box-shadow: 0 0 6px 0 rgba(0, 0, 0, .6);\">\n<\/iframe><\/div>\n\t\t\t\t<\/div>\n\t\t\t\t<\/div>\n\t\t\t\t<div class=\"elementor-element elementor-element-c2ac3e9 elementor-widget elementor-widget-text-editor\" data-id=\"c2ac3e9\" data-element_type=\"widget\" data-widget_type=\"text-editor.default\">\n\t\t\t\t<div class=\"elementor-widget-container\">\n\t\t\t<style>\/*! elementor - v3.13.3 - 28-05-2023 *\/\n.elementor-widget-text-editor.elementor-drop-cap-view-stacked .elementor-drop-cap{background-color:#69727d;color:#fff}.elementor-widget-text-editor.elementor-drop-cap-view-framed .elementor-drop-cap{color:#69727d;border:3px solid;background-color:transparent}.elementor-widget-text-editor:not(.elementor-drop-cap-view-default) .elementor-drop-cap{margin-top:8px}.elementor-widget-text-editor:not(.elementor-drop-cap-view-default) .elementor-drop-cap-letter{width:1em;height:1em}.elementor-widget-text-editor .elementor-drop-cap{float:left;text-align:center;line-height:1;font-size:50px}.elementor-widget-text-editor .elementor-drop-cap-letter{display:inline-block}<\/style>\t\t\t\t<p>Notre mission est d'offrir des cours de cuisine en ligne et en personne \u00e0 des personnes de tous \u00e2ges afin de d\u00e9velopper des comp\u00e9tences essentielles et de susciter une passion. Les cours de cuisine en personne au Qu\u00e9bec ont lieu \u00e0 Pincourt et dans les environs.\u00a0\u00a0<\/p><p>Avec plus de 20 ann\u00e9es d&#039;exp\u00e9rience de la cuisine comme un chef et un gestionnaire, Jeannette est passionn\u00e9 par l&#039;enseignement d&#039;autres, ces comp\u00e9tences essentielles pour responsabiliser et de permettre aux gens de tous \u00e2ges \u00e0 travers des principaux concepts et engager les instructions.<\/p>\t\t\t\t\t\t<\/div>\n\t\t\t\t<\/div>\n\t\t\t\t\t<\/div>\n\t\t<\/div>\n\t\t\t\t\t\t\t<\/div>\n\t\t<\/section>\n\t\t\t\t\t\t\t<\/div>","protected":false},"excerpt":{"rendered":"<p>Our Story &#8211; Why cooking classes?! Our mission is to offer online and in-person cooking classes to people of all ages to develop essential life skills and to ignite a passion. In person cooking classes Quebec, take place Pincourt and area.&nbsp;&nbsp; With over 20 years of cooking experience as a chef and a manager, Jeannette&#8230;<\/p>","protected":false},"author":7,"featured_media":0,"parent":0,"menu_order":0,"comment_status":"closed","ping_status":"closed","template":"","meta":{"_kad_post_transparent":"","_kad_post_title":"hide","_kad_post_layout":"fullwidth","_kad_post_sidebar_id":"","_kad_post_content_style":"unboxed","_kad_post_vertical_padding":"hide","_kad_post_feature":"hide","_kad_post_feature_position":"","_kad_post_header":false,"_kad_post_footer":false},"_links":{"self":[{"href":"https:\/\/epiculiste.com\/fr\/wp-json\/wp\/v2\/pages\/584"}],"collection":[{"href":"https:\/\/epiculiste.com\/fr\/wp-json\/wp\/v2\/pages"}],"about":[{"href":"https:\/\/epiculiste.com\/fr\/wp-json\/wp\/v2\/types\/page"}],"author":[{"embeddable":true,"href":"https:\/\/epiculiste.com\/fr\/wp-json\/wp\/v2\/users\/7"}],"replies":[{"embeddable":true,"href":"https:\/\/epiculiste.com\/fr\/wp-json\/wp\/v2\/comments?post=584"}],"version-history":[{"count":46,"href":"https:\/\/epiculiste.com\/fr\/wp-json\/wp\/v2\/pages\/584\/revisions"}],"predecessor-version":[{"id":3864,"href":"https:\/\/epiculiste.com\/fr\/wp-json\/wp\/v2\/pages\/584\/revisions\/3864"}],"wp:attachment":[{"href":"https:\/\/epiculiste.com\/fr\/wp-json\/wp\/v2\/media?parent=584"}],"curies":[{"name":"wp","href":"https:\/\/api.w.org\/{rel}","templated":true}]}}